{"id":6053,"date":"2025-10-28T13:09:07","date_gmt":"2025-10-28T13:09:07","guid":{"rendered":"https:\/\/qqy.upa.mybluehost.me\/?page_id=6053"},"modified":"2025-10-28T13:17:29","modified_gmt":"2025-10-28T13:17:29","slug":"lights","status":"publish","type":"page","link":"https:\/\/elasticniplafoni.hr\/?page_id=6053","title":{"rendered":"Lights"},"content":{"rendered":"\t\t<div data-elementor-type=\"wp-page\" data-elementor-id=\"6053\" class=\"elementor elementor-6053\" data-elementor-post-type=\"page\">\n\t\t\t\t\t\t<section class=\"elementor-section elementor-top-section elementor-element elementor-element-02b5db5 elementor-section-full_width elementor-section-height-default elementor-section-height-default\" data-id=\"02b5db5\" data-element_type=\"section\" data-settings=\"{&quot;background_background&quot;:&quot;classic&quot;}\">\n\t\t\t\t\t\t\t<div class=\"elementor-background-overlay\"><\/div>\n\t\t\t\t\t\t\t<div class=\"elementor-container elementor-column-gap-no\">\n\t\t\t\t\t<div class=\"elementor-column elementor-col-100 elementor-top-column elementor-element elementor-element-1b7ace3\" data-id=\"1b7ace3\" data-element_type=\"column\">\n\t\t\t<div class=\"elementor-widget-wrap elementor-element-populated\">\n\t\t\t\t<div class=\"elementor-element elementor-element-6013701 e-flex e-con-boxed e-con e-parent\" data-id=\"6013701\" data-element_type=\"container\">\n\t\t\t\t\t<div class=\"e-con-inner\">\n\t\t\t\t<div class=\"elementor-element elementor-element-889bfda elementor-widget elementor-widget-heading\" data-id=\"889bfda\" data-element_type=\"widget\" data-widget_type=\"heading.default\">\n\t\t\t\t\t<h2 class=\"elementor-heading-title elementor-size-default\">Integracija rasvjete u elasti\u010dne plafone\n<\/h2>\t\t\t\t<\/div>\n\t\t\t\t<div class=\"elementor-element elementor-element-9f5ea5c elementor-widget elementor-widget-heading\" data-id=\"9f5ea5c\" data-element_type=\"widget\" data-widget_type=\"heading.default\">\n\t\t\t\t\t<h5 class=\"elementor-heading-title elementor-size-default\">Savr\u0161ena kombinacija dizajna i funkcionalnosti<\/h5>\t\t\t\t<\/div>\n\t\t\t\t<div class=\"elementor-element elementor-element-1aa013b elementor-widget elementor-widget-text-editor\" data-id=\"1aa013b\" data-element_type=\"widget\" data-widget_type=\"text-editor.default\">\n\t\t\t\t\t\t\t\t\t<p data-start=\"988\" data-end=\"1145\">U na\u0161oj ponudi mo\u017eete prona\u0107i\u00a0<strong data-start=\"1018\" data-end=\"1066\">sve \u0161to vam je potrebno za savr\u0161enu rasvjetu<\/strong>\u00a0\u2013 od LED spotova i dekorativnih plafonjera do RGB traka i linijskih profila.<\/p><p data-start=\"1152\" data-end=\"1288\">Rasvjetu birate prema \u017eeljenom efektu, a mi se brinemo za\u00a0<strong data-start=\"1210\" data-end=\"1285\">stru\u010dnu ugradnju, optimalan raspored i spoj s va\u0161im elasti\u010dnim plafonom<\/strong>.<\/p><p data-start=\"1295\" data-end=\"1364\">Kod nas sve dolazi\u00a0<strong data-start=\"1314\" data-end=\"1364\">na jednom mjestu \u2013 plafon, rasvjeta i monta\u017ea.<\/strong><\/p>\t\t\t\t\t\t\t\t<\/div>\n\t\t\t\t\t<\/div>\n\t\t\t\t<\/div>\n\t\t<div class=\"elementor-element elementor-element-18af77c e-grid e-con-boxed e-con e-parent\" data-id=\"18af77c\" data-element_type=\"container\">\n\t\t\t\t\t<div class=\"e-con-inner\">\n\t\t\t\t<div class=\"elementor-element elementor-element-9271560 elementor-widget elementor-widget-image\" data-id=\"9271560\" data-element_type=\"widget\" data-widget_type=\"image.default\">\n\t\t\t\t\t\t\t\t\t\t\t\t\t\t\t<img decoding=\"async\" src=\"https:\/\/elasticniplafoni.hr\/wp-content\/uploads\/elementor\/thumbs\/1-1-rd74zxq1cgym9zg1ybqtwornli5dv8wwc8d44r1jb4.jpg\" title=\"1\" alt=\"1\" loading=\"lazy\" \/>\t\t\t\t\t\t\t\t\t\t\t\t\t\t\t<\/div>\n\t\t\t\t<div class=\"elementor-element elementor-element-ea1cdcc elementor-widget elementor-widget-text-editor\" data-id=\"ea1cdcc\" data-element_type=\"widget\" data-widget_type=\"text-editor.default\">\n\t\t\t\t\t\t\t\t\t<h4 style=\"color: white;\">Ugradbena rasvjeta i spotovi<\/h4><p data-start=\"383\" data-end=\"828\">Diskretna i funkcionalna rasvjeta koja se montira unutar aluminijskog profila plafona.<br data-start=\"469\" data-end=\"472\" \/>Spotovi i ugradbene lampe postavljaju se <strong data-start=\"513\" data-end=\"541\">ispod ili iza PVC folije<\/strong>, tako da se dobije <strong data-start=\"561\" data-end=\"603\">\u010disto, usmjereno svjetlo bez sjen\u010danja<\/strong>.<br data-start=\"604\" data-end=\"607\" \/>Takav sustav idealan je za <strong data-start=\"634\" data-end=\"673\">kuhinje, hodnike, kupaonice i urede<\/strong>, gdje je va\u017ena precizna i ugodna rasvjeta.<br data-start=\"716\" data-end=\"719\" \/>Svi spojevi su nevidljivi, a instalacija je potpuno <strong data-start=\"771\" data-end=\"827\">sigurna i prilago\u0111ena toplinskim uvjetima LED izvora<\/strong>.<\/p>\t\t\t\t\t\t\t\t<\/div>\n\t\t\t\t<div class=\"elementor-element elementor-element-b3865d9 elementor-widget elementor-widget-text-editor\" data-id=\"b3865d9\" data-element_type=\"widget\" data-widget_type=\"text-editor.default\">\n\t\t\t\t\t\t\t\t\t<h4 style=\"color: white;\">LED trake i ambijentalno osvjetljenje<\/h4><p data-start=\"884\" data-end=\"1335\">LED trake su jedan od najefektnijih na\u010dina da prostor dobije <strong data-start=\"945\" data-end=\"967\">dubinu i atmosferu<\/strong>.<br data-start=\"968\" data-end=\"971\" \/>Montiraju se u skrivene profile iza ili uz rub plafona, stvaraju\u0107i efekt <strong data-start=\"1044\" data-end=\"1066\">\u201clebde\u0107eg plafona\u201d<\/strong> ili <strong data-start=\"1071\" data-end=\"1096\">meko obasjanih rubova<\/strong>.<br data-start=\"1097\" data-end=\"1100\" \/>Mogu biti <strong data-start=\"1110\" data-end=\"1151\">jednobojne, RGB ili \u201csmart\u201d varijante<\/strong> kojima se upravlja daljinski ili putem mobilne aplikacije.<br data-start=\"1210\" data-end=\"1213\" \/>Savr\u0161ene su za <strong data-start=\"1228\" data-end=\"1303\">dnevne boravke, blagovaonice, wellness prostore i ugostiteljske objekte<\/strong> gdje se tra\u017ei poseban ambijent.<\/p>\t\t\t\t\t\t\t\t<\/div>\n\t\t\t\t<div class=\"elementor-element elementor-element-2909d8e elementor-widget elementor-widget-image\" data-id=\"2909d8e\" data-element_type=\"widget\" data-widget_type=\"image.default\">\n\t\t\t\t\t\t\t\t\t\t\t\t\t\t\t<img decoding=\"async\" src=\"https:\/\/elasticniplafoni.hr\/wp-content\/uploads\/elementor\/thumbs\/4-1-rd75dts6cbz5uj9oubwcr6kvmhonm823kzfffyg3cw.jpg\" title=\"4\" alt=\"4\" loading=\"lazy\" \/>\t\t\t\t\t\t\t\t\t\t\t\t\t\t\t<\/div>\n\t\t\t\t<div class=\"elementor-element elementor-element-61d3a3f elementor-widget elementor-widget-image\" data-id=\"61d3a3f\" data-element_type=\"widget\" data-widget_type=\"image.default\">\n\t\t\t\t\t\t\t\t\t\t\t\t\t\t\t<img decoding=\"async\" src=\"https:\/\/elasticniplafoni.hr\/wp-content\/uploads\/elementor\/thumbs\/High-Gloss-Ceiling-Installation-In-The-Living-Room-1-rdo0wmypxbgu36p2o3www5r8cz8r8hnrvg21wydm2o.webp\" title=\"High-Gloss-Ceiling-Installation-In-The-Living-Room-1\" alt=\"High-Gloss-Ceiling-Installation-In-The-Living-Room-1\" loading=\"lazy\" \/>\t\t\t\t\t\t\t\t\t\t\t\t\t\t\t<\/div>\n\t\t\t\t<div class=\"elementor-element elementor-element-d3e9ad3 elementor-widget elementor-widget-text-editor\" data-id=\"d3e9ad3\" data-element_type=\"widget\" data-widget_type=\"text-editor.default\">\n\t\t\t\t\t\t\t\t\t<h4 style=\"color: white;\">Lusteri i plafonjere<\/h4><p data-start=\"1374\" data-end=\"1882\">Elasti\u010dni plafoni potpuno su kompatibilni sa svim vrstama rasvjete \u2013 od klasi\u010dnih lustera do modernih plafonjera.<br data-start=\"1487\" data-end=\"1490\" \/>Svaki rasvjetni element montira se na <strong data-start=\"1528\" data-end=\"1545\">oja\u010dani nosa\u010d<\/strong> koji se postavlja ispod osnovnog stropa, dok folija ostaje <strong data-start=\"1605\" data-end=\"1630\">zategnuta i netaknuta<\/strong>.<br data-start=\"1631\" data-end=\"1634\" \/>Time se posti\u017ee vizualni dojam kao da luster &#8220;izlazi&#8221; iz savr\u0161eno ravne povr\u0161ine.<br data-start=\"1715\" data-end=\"1718\" \/>Zahvaljuju\u0107i fleksibilnosti konstrukcije, mogu\u0107e je <strong data-start=\"1770\" data-end=\"1839\">kombinirati centralni luster s ugradbenim svjetlima i LED trakama<\/strong> za potpuno personaliziran izgled prostora.<\/p>\t\t\t\t\t\t\t\t<\/div>\n\t\t\t\t<div class=\"elementor-element elementor-element-78a8419 elementor-widget elementor-widget-text-editor\" data-id=\"78a8419\" data-element_type=\"widget\" data-widget_type=\"text-editor.default\">\n\t\t\t\t\t\t\t\t\t<h4 style=\"color: white;\">Ventilacija i integrirani elementi<\/h4><p data-start=\"1935\" data-end=\"2383\">Elasti\u010dni plafoni omogu\u0107uju potpunu <strong data-start=\"1971\" data-end=\"2046\">integraciju ventilacijskih otvora, difuzora, senzora, zvu\u010dnika i kamera<\/strong> bez naru\u0161avanja estetike.<br data-start=\"2072\" data-end=\"2075\" \/>Svi elementi se <strong data-start=\"2091\" data-end=\"2137\">precizno pozicioniraju, oja\u010davaju i obla\u017eu<\/strong> tako da ostanu u ravnini s povr\u0161inom plafona.<br data-start=\"2183\" data-end=\"2186\" \/>Na taj na\u010din prostor zadr\u017eava \u010disto\u0107u linija i suvremen izgled, uz potpunu funkcionalnost sustava.<br data-start=\"2284\" data-end=\"2287\" \/>Ovakav pristup \u010desto se koristi u <strong data-start=\"2321\" data-end=\"2382\">modernim stanovima, uredima, hotelima i wellness centrima<\/strong>.<\/p>\t\t\t\t\t\t\t\t<\/div>\n\t\t\t\t<div class=\"elementor-element elementor-element-9e27926 elementor-widget elementor-widget-image\" data-id=\"9e27926\" data-element_type=\"widget\" data-widget_type=\"image.default\">\n\t\t\t\t\t\t\t\t\t\t\t\t\t\t\t<img decoding=\"async\" src=\"https:\/\/elasticniplafoni.hr\/wp-content\/uploads\/elementor\/thumbs\/Office-Stretch-Ceiling-rdo0wslr2bok0ugvr6cob4bzxagyioa5w7yysm591c.webp\" title=\"Office-Stretch-Ceiling\" alt=\"Office-Stretch-Ceiling\" loading=\"lazy\" \/>\t\t\t\t\t\t\t\t\t\t\t\t\t\t\t<\/div>\n\t\t\t\t\t<\/div>\n\t\t\t\t<\/div>\n\t\t\t\t\t<\/div>\n\t\t<\/div>\n\t\t\t\t\t<\/div>\n\t\t<\/section>\n\t\t\t\t<\/div>\n\t\t","protected":false},"excerpt":{"rendered":"<p>Integracija rasvjete u elasti\u010dne plafone Savr\u0161ena kombinacija dizajna i funkcionalnosti U na\u0161oj ponudi mo\u017eete prona\u0107i\u00a0sve \u0161to vam je potrebno za savr\u0161enu rasvjetu\u00a0\u2013 od LED spotova i dekorativnih plafonjera do RGB traka i linijskih profila. Rasvjetu birate prema \u017eeljenom efektu, a mi se brinemo za\u00a0stru\u010dnu ugradnju, optimalan raspored i spoj s va\u0161im elasti\u010dnim plafonom. Kod nas [&hellip;]<\/p>\n","protected":false},"author":2,"featured_media":0,"parent":0,"menu_order":0,"comment_status":"closed","ping_status":"closed","template":"elementor_header_footer","meta":{"footnotes":""},"class_list":["post-6053","page","type-page","status-publish","hentry"],"aioseo_notices":[],"_links":{"self":[{"href":"https:\/\/elasticniplafoni.hr\/index.php?rest_route=\/wp\/v2\/pages\/6053","targetHints":{"allow":["GET"]}}],"collection":[{"href":"https:\/\/elasticniplafoni.hr\/index.php?rest_route=\/wp\/v2\/pages"}],"about":[{"href":"https:\/\/elasticniplafoni.hr\/index.php?rest_route=\/wp\/v2\/types\/page"}],"author":[{"embeddable":true,"href":"https:\/\/elasticniplafoni.hr\/index.php?rest_route=\/wp\/v2\/users\/2"}],"replies":[{"embeddable":true,"href":"https:\/\/elasticniplafoni.hr\/index.php?rest_route=%2Fwp%2Fv2%2Fcomments&post=6053"}],"version-history":[{"count":5,"href":"https:\/\/elasticniplafoni.hr\/index.php?rest_route=\/wp\/v2\/pages\/6053\/revisions"}],"predecessor-version":[{"id":6062,"href":"https:\/\/elasticniplafoni.hr\/index.php?rest_route=\/wp\/v2\/pages\/6053\/revisions\/6062"}],"wp:attachment":[{"href":"https:\/\/elasticniplafoni.hr\/index.php?rest_route=%2Fwp%2Fv2%2Fmedia&parent=6053"}],"curies":[{"name":"wp","href":"https:\/\/api.w.org\/{rel}","templated":true}]}}